{"id":412,"date":"2021-03-30T08:26:15","date_gmt":"2021-03-30T08:26:15","guid":{"rendered":"http:\/\/www.nicdarkthemes.com\/themes\/seafood\/wp\/demo\/seafood\/?page_id=412"},"modified":"2023-11-24T10:57:06","modified_gmt":"2023-11-24T10:57:06","slug":"about-us","status":"publish","type":"page","link":"https:\/\/alojamentodacerca.com\/en\/about-us\/","title":{"rendered":"About Us"},"content":{"rendered":"<div data-elementor-type=\"wp-page\" data-elementor-id=\"412\" class=\"elementor elementor-412\" data-elementor-post-type=\"page\">\n\t\t\t\t<div class=\"elementor-element elementor-element-8a95c5a e-con-full e-flex e-con e-parent\" data-id=\"8a95c5a\" data-element_type=\"container\" data-settings=\"{&quot;background_background&quot;:&quot;classic&quot;}\">\n\t\t<div class=\"elementor-element elementor-element-9f469d7 e-con-full e-flex e-con e-child\" data-id=\"9f469d7\" data-element_type=\"container\">\n\t\t\t\t<div class=\"elementor-element elementor-element-783a68d elementor-widget elementor-widget-heading\" data-id=\"783a68d\" data-element_type=\"widget\" data-widget_type=\"heading.default\">\n\t\t\t\t<div class=\"elementor-widget-container\">\n\t\t\t<h1 class=\"elementor-heading-title elementor-size-default\">About Us<\/h1>\t\t<\/div>\n\t\t\t\t<\/div>\n\t\t\t\t<\/div>\n\t\t\t\t<\/div>\n\t\t\t\t<section class=\"elementor-section elementor-top-section elementor-element elementor-element-6c2e559 elementor-section-stretched elementor-section-boxed elementor-section-height-default elementor-section-height-default\" data-id=\"6c2e559\" data-element_type=\"section\" data-settings=\"{&quot;background_background&quot;:&quot;classic&quot;,&quot;stretch_section&quot;:&quot;section-stretched&quot;}\">\n\t\t\t\t\t\t<div class=\"elementor-container elementor-column-gap-default\">\n\t\t\t\t\t<div class=\"elementor-column elementor-col-100 elementor-top-column elementor-element elementor-element-26183d7f\" data-id=\"26183d7f\" data-element_type=\"column\">\n\t\t\t<div class=\"elementor-widget-wrap elementor-element-populated\">\n\t\t\t\t<div class=\"elementor-element elementor-element-2268d05 e-con-full e-flex elementor-invisible e-con e-parent\" data-id=\"2268d05\" data-element_type=\"container\" data-settings=\"{&quot;animation&quot;:&quot;fadeInLeft&quot;}\">\n\t\t<div class=\"elementor-element elementor-element-55d2faa e-con-full e-flex e-con e-child\" data-id=\"55d2faa\" data-element_type=\"container\">\n\t\t\t\t<div class=\"elementor-element elementor-element-3c75d09 elementor-widget elementor-widget-heading\" data-id=\"3c75d09\" data-element_type=\"widget\" data-widget_type=\"heading.default\">\n\t\t\t\t<div class=\"elementor-widget-container\">\n\t\t\t<h3 class=\"elementor-heading-title elementor-size-default\">OUR OFFER<\/h3>\t\t<\/div>\n\t\t\t\t<\/div>\n\t\t\t\t<div class=\"elementor-element elementor-element-3e0ca0a elementor-widget elementor-widget-heading\" data-id=\"3e0ca0a\" data-element_type=\"widget\" data-widget_type=\"heading.default\">\n\t\t\t\t<div class=\"elementor-widget-container\">\n\t\t\t<h1 class=\"elementor-heading-title elementor-size-default\">About Us<\/h1>\t\t<\/div>\n\t\t\t\t<\/div>\n\t\t\t\t<div class=\"elementor-element elementor-element-05e3d80 elementor-widget elementor-widget-text-editor\" data-id=\"05e3d80\" data-element_type=\"widget\" data-widget_type=\"text-editor.default\">\n\t\t\t\t<div class=\"elementor-widget-container\">\n\t\t\t\t\t\t\t<p>Located in the parish of Fornelo, Casa da Cerca is your perfect refuge, where serenity meets comfort. We offer our guests a memorable stay, surrounded by breathtaking natural scenery and a host of amenities to make your experience unique.<\/p><p>A nossa propriedade deslumbra com um exuberante jardim e uma piscina exterior sazonal que oferece vistas magn\u00edficas. Relaxe \u00e0 beira da piscina e desfrute da serenidade que s\u00f3 a natureza pode proporcionar. A Casa da Cerca \u00e9 um verdadeiro o\u00e1sis de tranquilidade a apenas 15 min do Porto.<\/p><p class=\"p1\">A Casa da Cerca \u00e9 uma casa de f\u00e9rias climatizada que oferece acomoda\u00e7\u00f5es excepcionais. Com dois quartos, duas casas de banho, roupa de cama de qualidade e toalhas macias, nosso objetivo \u00e9 proporcionar uma estadia relaxante e sem preocupa\u00e7\u00f5es. A sala inclui uma televis\u00e3o com canais por sat\u00e9lite, enquanto a cozinha totalmente equipada e a \u00e1rea de refei\u00e7\u00f5es garantem que voc\u00ea se sinta em casa. Al\u00e9m disso, a casa disp\u00f5e de p\u00e1tio privado com vista para a piscina: um lugar perfeito para tomar o pequeno-almo\u00e7o, ler um livro ou simplesmente relaxar ao sol.<\/p><p class=\"p1\">\u00a0<\/p>\t\t\t\t\t\t<\/div>\n\t\t\t\t<\/div>\n\t\t\t\t<\/div>\n\t\t<div class=\"elementor-element elementor-element-62511cb e-con-full e-flex e-con e-child\" data-id=\"62511cb\" data-element_type=\"container\" data-settings=\"{&quot;background_background&quot;:&quot;classic&quot;}\">\n\t\t\t\t<div class=\"elementor-element elementor-element-d6145b6 elementor-widget elementor-widget-image\" data-id=\"d6145b6\" data-element_type=\"widget\" data-widget_type=\"image.default\">\n\t\t\t\t<div class=\"elementor-widget-container\">\n\t\t\t\t\t\t\t\t\t\t\t\t\t<img fetchpriority=\"high\" decoding=\"async\" width=\"1024\" height=\"768\" src=\"https:\/\/alojamentodacerca.com\/wp-content\/uploads\/2023\/10\/314687521-3-1024x768.jpeg\" class=\"attachment-large size-large wp-image-7668\" alt=\"\" srcset=\"https:\/\/alojamentodacerca.com\/wp-content\/uploads\/2023\/10\/314687521-3-1024x768.jpeg 1024w, https:\/\/alojamentodacerca.com\/wp-content\/uploads\/2023\/10\/314687521-3-600x450.jpeg 600w, https:\/\/alojamentodacerca.com\/wp-content\/uploads\/2023\/10\/314687521-3-300x225.jpeg 300w, https:\/\/alojamentodacerca.com\/wp-content\/uploads\/2023\/10\/314687521-3-768x576.jpeg 768w, https:\/\/alojamentodacerca.com\/wp-content\/uploads\/2023\/10\/314687521-3.jpeg 1200w\" sizes=\"(max-width: 1024px) 100vw, 1024px\" \/>\t\t\t\t\t\t\t\t\t\t\t\t\t<\/div>\n\t\t\t\t<\/div>\n\t\t\t\t<\/div>\n\t\t\t\t<\/div>\n\t\t<div class=\"elementor-element elementor-element-8b2b748 e-con-full e-flex elementor-invisible e-con e-parent\" data-id=\"8b2b748\" data-element_type=\"container\" data-settings=\"{&quot;animation&quot;:&quot;fadeInRight&quot;}\">\n\t\t<div class=\"elementor-element elementor-element-df4518a e-con-full e-flex e-con e-child\" data-id=\"df4518a\" data-element_type=\"container\" data-settings=\"{&quot;background_background&quot;:&quot;classic&quot;}\">\n\t\t\t\t<div class=\"elementor-element elementor-element-3162cec elementor-widget elementor-widget-image\" data-id=\"3162cec\" data-element_type=\"widget\" data-widget_type=\"image.default\">\n\t\t\t\t<div class=\"elementor-widget-container\">\n\t\t\t\t\t\t\t\t\t\t\t\t\t<img decoding=\"async\" width=\"1024\" height=\"682\" src=\"https:\/\/alojamentodacerca.com\/wp-content\/uploads\/2023\/10\/29a8951a-9a14-4c62-9e2c-7a0c83f0dbcc-1-1024x682.jpg\" class=\"attachment-large size-large wp-image-7956\" alt=\"\" srcset=\"https:\/\/alojamentodacerca.com\/wp-content\/uploads\/2023\/10\/29a8951a-9a14-4c62-9e2c-7a0c83f0dbcc-1-1024x682.jpg 1024w, https:\/\/alojamentodacerca.com\/wp-content\/uploads\/2023\/10\/29a8951a-9a14-4c62-9e2c-7a0c83f0dbcc-1-600x400.jpg 600w, https:\/\/alojamentodacerca.com\/wp-content\/uploads\/2023\/10\/29a8951a-9a14-4c62-9e2c-7a0c83f0dbcc-1-300x200.jpg 300w, https:\/\/alojamentodacerca.com\/wp-content\/uploads\/2023\/10\/29a8951a-9a14-4c62-9e2c-7a0c83f0dbcc-1-768x512.jpg 768w, https:\/\/alojamentodacerca.com\/wp-content\/uploads\/2023\/10\/29a8951a-9a14-4c62-9e2c-7a0c83f0dbcc-1-1536x1023.jpg 1536w, https:\/\/alojamentodacerca.com\/wp-content\/uploads\/2023\/10\/29a8951a-9a14-4c62-9e2c-7a0c83f0dbcc-1-18x12.jpg 18w, https:\/\/alojamentodacerca.com\/wp-content\/uploads\/2023\/10\/29a8951a-9a14-4c62-9e2c-7a0c83f0dbcc-1.jpg 1600w\" sizes=\"(max-width: 1024px) 100vw, 1024px\" \/>\t\t\t\t\t\t\t\t\t\t\t\t\t<\/div>\n\t\t\t\t<\/div>\n\t\t\t\t<\/div>\n\t\t<div class=\"elementor-element elementor-element-582ed36 e-con-full e-flex e-con e-child\" data-id=\"582ed36\" data-element_type=\"container\">\n\t\t\t\t<div class=\"elementor-element elementor-element-6f2f8c0 elementor-widget elementor-widget-heading\" data-id=\"6f2f8c0\" data-element_type=\"widget\" data-widget_type=\"heading.default\">\n\t\t\t\t<div class=\"elementor-widget-container\">\n\t\t\t<h3 class=\"elementor-heading-title elementor-size-default\">OUR OFFER<\/h3>\t\t<\/div>\n\t\t\t\t<\/div>\n\t\t\t\t<div class=\"elementor-element elementor-element-7a60dc9 elementor-widget elementor-widget-text-editor\" data-id=\"7a60dc9\" data-element_type=\"widget\" data-widget_type=\"text-editor.default\">\n\t\t\t\t<div class=\"elementor-widget-container\">\n\t\t\t\t\t\t\t<p class=\"p1\">The owners, fluent in Spanish, English and Portuguese, are available 24 hours a day, ready to ensure that your stay is a memorable one.<\/p><p class=\"p1\">For those who love the outdoors, we have a barbecue area and a spacious terrace. Here, you can create incredible memories with friends and family while savouring delicious meals prepared on the grill.<\/p><p class=\"p1\">With a strategic location just 21 kilometres from Porto and 31 kilometres from Braga, Casa da Cerca offers a location that allows you to explore some of Portugal's most vibrant cities. Francisco S\u00e1 Carneiro Airport is just 11 kilometres away, making your arrival and departure quick and easy.<\/p><p class=\"p1\">At Casa da Cerca, we believe that every guest deserves a unique and unforgettable experience. We look forward to welcoming you and making your stay a memorable one. Whether for a relaxing holiday, a romantic getaway or a family reunion.<\/p><p class=\"p1\">\u00a0<\/p>\t\t\t\t\t\t<\/div>\n\t\t\t\t<\/div>\n\t\t\t\t<\/div>\n\t\t\t\t<\/div>\n\t\t\t\t<section class=\"elementor-section elementor-inner-section elementor-element elementor-element-1d21cd4 elementor-section-full_width elementor-section-height-default elementor-section-height-default elementor-invisible\" data-id=\"1d21cd4\" data-element_type=\"section\" data-settings=\"{&quot;animation&quot;:&quot;fadeInUp&quot;}\">\n\t\t\t\t\t\t<div class=\"elementor-container elementor-column-gap-default\">\n\t\t\t\t\t<div class=\"elementor-column elementor-col-33 elementor-inner-column elementor-element elementor-element-35d264d8\" data-id=\"35d264d8\" data-element_type=\"column\">\n\t\t\t<div class=\"elementor-widget-wrap elementor-element-populated\">\n\t\t\t\t\t\t<div class=\"elementor-element elementor-element-2858a09 elementor-widget elementor-widget-heading\" data-id=\"2858a09\" data-element_type=\"widget\" data-widget_type=\"heading.default\">\n\t\t\t\t<div class=\"elementor-widget-container\">\n\t\t\t<h3 class=\"elementor-heading-title elementor-size-default\">1<\/h3>\t\t<\/div>\n\t\t\t\t<\/div>\n\t\t\t\t<div class=\"elementor-element elementor-element-887d371 elementor-widget elementor-widget-heading\" data-id=\"887d371\" data-element_type=\"widget\" data-widget_type=\"heading.default\">\n\t\t\t\t<div class=\"elementor-widget-container\">\n\t\t\t<h5 class=\"elementor-heading-title elementor-size-default\">Pool<\/h5>\t\t<\/div>\n\t\t\t\t<\/div>\n\t\t\t\t<div class=\"elementor-element elementor-element-d863fbb elementor-widget elementor-widget-heading\" data-id=\"d863fbb\" data-element_type=\"widget\" data-widget_type=\"heading.default\">\n\t\t\t\t<div class=\"elementor-widget-container\">\n\t\t\t<p class=\"elementor-heading-title elementor-size-default\">Entertainment for kids and grown-ups alike.<\/p>\t\t<\/div>\n\t\t\t\t<\/div>\n\t\t\t\t\t<\/div>\n\t\t<\/div>\n\t\t\t\t<div class=\"elementor-column elementor-col-33 elementor-inner-column elementor-element elementor-element-30914025\" data-id=\"30914025\" data-element_type=\"column\">\n\t\t\t<div class=\"elementor-widget-wrap elementor-element-populated\">\n\t\t\t\t\t\t<div class=\"elementor-element elementor-element-a5bf5cd elementor-widget elementor-widget-heading\" data-id=\"a5bf5cd\" data-element_type=\"widget\" data-widget_type=\"heading.default\">\n\t\t\t\t<div class=\"elementor-widget-container\">\n\t\t\t<h3 class=\"elementor-heading-title elementor-size-default\">1<\/h3>\t\t<\/div>\n\t\t\t\t<\/div>\n\t\t\t\t<div class=\"elementor-element elementor-element-180337d elementor-widget elementor-widget-heading\" data-id=\"180337d\" data-element_type=\"widget\" data-widget_type=\"heading.default\">\n\t\t\t\t<div class=\"elementor-widget-container\">\n\t\t\t<h5 class=\"elementor-heading-title elementor-size-default\">Jacuzzi<\/h5>\t\t<\/div>\n\t\t\t\t<\/div>\n\t\t\t\t<div class=\"elementor-element elementor-element-2a6706d elementor-widget elementor-widget-heading\" data-id=\"2a6706d\" data-element_type=\"widget\" data-widget_type=\"heading.default\">\n\t\t\t\t<div class=\"elementor-widget-container\">\n\t\t\t<p class=\"elementor-heading-title elementor-size-default\">Imagine relaxing in a jacuzzi with a breathtaking view.<\/p>\t\t<\/div>\n\t\t\t\t<\/div>\n\t\t\t\t\t<\/div>\n\t\t<\/div>\n\t\t\t\t<div class=\"elementor-column elementor-col-33 elementor-inner-column elementor-element elementor-element-3dad1a67\" data-id=\"3dad1a67\" data-element_type=\"column\">\n\t\t\t<div class=\"elementor-widget-wrap elementor-element-populated\">\n\t\t\t\t\t\t<div class=\"elementor-element elementor-element-68c3180 elementor-widget elementor-widget-image\" data-id=\"68c3180\" data-element_type=\"widget\" data-widget_type=\"image.default\">\n\t\t\t\t<div class=\"elementor-widget-container\">\n\t\t\t\t\t\t\t\t\t\t\t\t\t<img decoding=\"async\" width=\"256\" height=\"256\" src=\"https:\/\/alojamentodacerca.com\/wp-content\/uploads\/2023\/10\/infinity.png\" class=\"attachment-large size-large wp-image-7422\" alt=\"\" srcset=\"https:\/\/alojamentodacerca.com\/wp-content\/uploads\/2023\/10\/infinity.png 256w, https:\/\/alojamentodacerca.com\/wp-content\/uploads\/2023\/10\/infinity-100x100.png 100w, https:\/\/alojamentodacerca.com\/wp-content\/uploads\/2023\/10\/infinity-150x150.png 150w\" sizes=\"(max-width: 256px) 100vw, 256px\" \/>\t\t\t\t\t\t\t\t\t\t\t\t\t<\/div>\n\t\t\t\t<\/div>\n\t\t\t\t<div class=\"elementor-element elementor-element-cdd133d elementor-widget elementor-widget-heading\" data-id=\"cdd133d\" data-element_type=\"widget\" data-widget_type=\"heading.default\">\n\t\t\t\t<div class=\"elementor-widget-container\">\n\t\t\t<h5 class=\"elementor-heading-title elementor-size-default\">Emotions<\/h5>\t\t<\/div>\n\t\t\t\t<\/div>\n\t\t\t\t<div class=\"elementor-element elementor-element-def7371 elementor-widget elementor-widget-heading\" data-id=\"def7371\" data-element_type=\"widget\" data-widget_type=\"heading.default\">\n\t\t\t\t<div class=\"elementor-widget-container\">\n\t\t\t<p class=\"elementor-heading-title elementor-size-default\">A getaway with your soul mate has never tasted so good.<\/p>\t\t<\/div>\n\t\t\t\t<\/div>\n\t\t\t\t\t<\/div>\n\t\t<\/div>\n\t\t\t\t\t<\/div>\n\t\t<\/section>\n\t\t\t\t\t<\/div>\n\t\t<\/div>\n\t\t\t\t\t<\/div>\n\t\t<\/section>\n\t\t\t\t<\/div>","protected":false},"excerpt":{"rendered":"<p>Sobre N\u00f3s A NOSSA OFERTA Sobre N\u00f3s Localizada na freguesia de Fornelo, a Casa da Cerca \u00e9 o seu ref\u00fagio perfeito, onde a serenidade se encontra com o conforto. Oferecemos aos nossos h\u00f3spedes uma estadia memor\u00e1vel, cercada por um cen\u00e1rio natural de tirar o f\u00f4lego e uma s\u00e9rie de comodidades para tornar a sua experi\u00eancia [&hellip;]<\/p>","protected":false},"author":1,"featured_media":0,"parent":0,"menu_order":0,"comment_status":"closed","ping_status":"closed","template":"elementor_header_footer","meta":{"footnotes":"","_joinchat":[]},"yoast_head":"<!-- This site is optimized with the Yoast SEO plugin v21.7 - https:\/\/yoast.com\/wordpress\/plugins\/seo\/ -->\n<title>Sobre N\u00f3s - alojamentodacerca.com<\/title>\n<meta name=\"robots\" content=\"index, follow, max-snippet:-1, max-image-preview:large, max-video-preview:-1\" \/>\n<link rel=\"canonical\" href=\"https:\/\/alojamentodacerca.com\/en\/about-us\/\" \/>\n<meta property=\"og:locale\" content=\"en_GB\" \/>\n<meta property=\"og:type\" content=\"article\" \/>\n<meta property=\"og:title\" content=\"Sobre N\u00f3s - alojamentodacerca.com\" \/>\n<meta property=\"og:description\" content=\"Sobre N\u00f3s A NOSSA OFERTA Sobre N\u00f3s Localizada na freguesia de Fornelo, a Casa da Cerca \u00e9 o seu ref\u00fagio perfeito, onde a serenidade se encontra com o conforto. Oferecemos aos nossos h\u00f3spedes uma estadia memor\u00e1vel, cercada por um cen\u00e1rio natural de tirar o f\u00f4lego e uma s\u00e9rie de comodidades para tornar a sua experi\u00eancia [&hellip;]\" \/>\n<meta property=\"og:url\" content=\"https:\/\/alojamentodacerca.com\/en\/about-us\/\" \/>\n<meta property=\"og:site_name\" content=\"alojamentodacerca.com\" \/>\n<meta property=\"article:publisher\" content=\"https:\/\/www.facebook.com\/profile.php?id=100073955641981\" \/>\n<meta property=\"article:modified_time\" content=\"2023-11-24T10:57:06+00:00\" \/>\n<meta property=\"og:image\" content=\"http:\/\/alojamentodacerca.com\/wp-content\/uploads\/2023\/10\/314687521-3-1024x768.jpeg\" \/>\n<meta name=\"twitter:card\" content=\"summary_large_image\" \/>\n<meta name=\"twitter:label1\" content=\"Estimated reading time\" \/>\n\t<meta name=\"twitter:data1\" content=\"2 minutes\" \/>\n<script type=\"application\/ld+json\" class=\"yoast-schema-graph\">{\"@context\":\"https:\/\/schema.org\",\"@graph\":[{\"@type\":\"WebPage\",\"@id\":\"https:\/\/alojamentodacerca.com\/about-us\/\",\"url\":\"https:\/\/alojamentodacerca.com\/about-us\/\",\"name\":\"Sobre N\u00f3s - alojamentodacerca.com\",\"isPartOf\":{\"@id\":\"https:\/\/alojamentodacerca.com\/#website\"},\"datePublished\":\"2021-03-30T08:26:15+00:00\",\"dateModified\":\"2023-11-24T10:57:06+00:00\",\"breadcrumb\":{\"@id\":\"https:\/\/alojamentodacerca.com\/about-us\/#breadcrumb\"},\"inLanguage\":\"en-GB\",\"potentialAction\":[{\"@type\":\"ReadAction\",\"target\":[\"https:\/\/alojamentodacerca.com\/about-us\/\"]}]},{\"@type\":\"BreadcrumbList\",\"@id\":\"https:\/\/alojamentodacerca.com\/about-us\/#breadcrumb\",\"itemListElement\":[{\"@type\":\"ListItem\",\"position\":1,\"name\":\"In\u00edcio\",\"item\":\"https:\/\/alojamentodacerca.com\/\"},{\"@type\":\"ListItem\",\"position\":2,\"name\":\"Sobre N\u00f3s\"}]},{\"@type\":\"WebSite\",\"@id\":\"https:\/\/alojamentodacerca.com\/#website\",\"url\":\"https:\/\/alojamentodacerca.com\/\",\"name\":\"alojamentodacerca.com\",\"description\":\"\",\"publisher\":{\"@id\":\"https:\/\/alojamentodacerca.com\/#organization\"},\"potentialAction\":[{\"@type\":\"SearchAction\",\"target\":{\"@type\":\"EntryPoint\",\"urlTemplate\":\"https:\/\/alojamentodacerca.com\/?s={search_term_string}\"},\"query-input\":\"required name=search_term_string\"}],\"inLanguage\":\"en-GB\"},{\"@type\":\"Organization\",\"@id\":\"https:\/\/alojamentodacerca.com\/#organization\",\"name\":\"alojamentodacerca.com\",\"url\":\"https:\/\/alojamentodacerca.com\/\",\"logo\":{\"@type\":\"ImageObject\",\"inLanguage\":\"en-GB\",\"@id\":\"https:\/\/alojamentodacerca.com\/#\/schema\/logo\/image\/\",\"url\":\"https:\/\/alojamentodacerca.com\/wp-content\/uploads\/2023\/12\/Group-1.jpeg\",\"contentUrl\":\"https:\/\/alojamentodacerca.com\/wp-content\/uploads\/2023\/12\/Group-1.jpeg\",\"width\":819,\"height\":819,\"caption\":\"alojamentodacerca.com\"},\"image\":{\"@id\":\"https:\/\/alojamentodacerca.com\/#\/schema\/logo\/image\/\"},\"sameAs\":[\"https:\/\/www.facebook.com\/profile.php?id=100073955641981\",\"https:\/\/www.instagram.com\/casa_da_cerca_\/\"]}]}<\/script>\n<!-- \/ Yoast SEO plugin. -->","yoast_head_json":{"title":"Sobre N\u00f3s - alojamentodacerca.com","robots":{"index":"index","follow":"follow","max-snippet":"max-snippet:-1","max-image-preview":"max-image-preview:large","max-video-preview":"max-video-preview:-1"},"canonical":"https:\/\/alojamentodacerca.com\/en\/about-us\/","og_locale":"en_GB","og_type":"article","og_title":"Sobre N\u00f3s - alojamentodacerca.com","og_description":"Sobre N\u00f3s A NOSSA OFERTA Sobre N\u00f3s Localizada na freguesia de Fornelo, a Casa da Cerca \u00e9 o seu ref\u00fagio perfeito, onde a serenidade se encontra com o conforto. Oferecemos aos nossos h\u00f3spedes uma estadia memor\u00e1vel, cercada por um cen\u00e1rio natural de tirar o f\u00f4lego e uma s\u00e9rie de comodidades para tornar a sua experi\u00eancia [&hellip;]","og_url":"https:\/\/alojamentodacerca.com\/en\/about-us\/","og_site_name":"alojamentodacerca.com","article_publisher":"https:\/\/www.facebook.com\/profile.php?id=100073955641981","article_modified_time":"2023-11-24T10:57:06+00:00","og_image":[{"url":"http:\/\/alojamentodacerca.com\/wp-content\/uploads\/2023\/10\/314687521-3-1024x768.jpeg"}],"twitter_card":"summary_large_image","twitter_misc":{"Estimated reading time":"2 minutes"},"schema":{"@context":"https:\/\/schema.org","@graph":[{"@type":"WebPage","@id":"https:\/\/alojamentodacerca.com\/about-us\/","url":"https:\/\/alojamentodacerca.com\/about-us\/","name":"Sobre N\u00f3s - alojamentodacerca.com","isPartOf":{"@id":"https:\/\/alojamentodacerca.com\/#website"},"datePublished":"2021-03-30T08:26:15+00:00","dateModified":"2023-11-24T10:57:06+00:00","breadcrumb":{"@id":"https:\/\/alojamentodacerca.com\/about-us\/#breadcrumb"},"inLanguage":"en-GB","potentialAction":[{"@type":"ReadAction","target":["https:\/\/alojamentodacerca.com\/about-us\/"]}]},{"@type":"BreadcrumbList","@id":"https:\/\/alojamentodacerca.com\/about-us\/#breadcrumb","itemListElement":[{"@type":"ListItem","position":1,"name":"In\u00edcio","item":"https:\/\/alojamentodacerca.com\/"},{"@type":"ListItem","position":2,"name":"Sobre N\u00f3s"}]},{"@type":"WebSite","@id":"https:\/\/alojamentodacerca.com\/#website","url":"https:\/\/alojamentodacerca.com\/","name":"alojamentodacerca.com","description":"","publisher":{"@id":"https:\/\/alojamentodacerca.com\/#organization"},"potentialAction":[{"@type":"SearchAction","target":{"@type":"EntryPoint","urlTemplate":"https:\/\/alojamentodacerca.com\/?s={search_term_string}"},"query-input":"required name=search_term_string"}],"inLanguage":"en-GB"},{"@type":"Organization","@id":"https:\/\/alojamentodacerca.com\/#organization","name":"alojamentodacerca.com","url":"https:\/\/alojamentodacerca.com\/","logo":{"@type":"ImageObject","inLanguage":"en-GB","@id":"https:\/\/alojamentodacerca.com\/#\/schema\/logo\/image\/","url":"https:\/\/alojamentodacerca.com\/wp-content\/uploads\/2023\/12\/Group-1.jpeg","contentUrl":"https:\/\/alojamentodacerca.com\/wp-content\/uploads\/2023\/12\/Group-1.jpeg","width":819,"height":819,"caption":"alojamentodacerca.com"},"image":{"@id":"https:\/\/alojamentodacerca.com\/#\/schema\/logo\/image\/"},"sameAs":["https:\/\/www.facebook.com\/profile.php?id=100073955641981","https:\/\/www.instagram.com\/casa_da_cerca_\/"]}]}},"_links":{"self":[{"href":"https:\/\/alojamentodacerca.com\/en\/wp-json\/wp\/v2\/pages\/412"}],"collection":[{"href":"https:\/\/alojamentodacerca.com\/en\/wp-json\/wp\/v2\/pages"}],"about":[{"href":"https:\/\/alojamentodacerca.com\/en\/wp-json\/wp\/v2\/types\/page"}],"author":[{"embeddable":true,"href":"https:\/\/alojamentodacerca.com\/en\/wp-json\/wp\/v2\/users\/1"}],"replies":[{"embeddable":true,"href":"https:\/\/alojamentodacerca.com\/en\/wp-json\/wp\/v2\/comments?post=412"}],"version-history":[{"count":64,"href":"https:\/\/alojamentodacerca.com\/en\/wp-json\/wp\/v2\/pages\/412\/revisions"}],"predecessor-version":[{"id":8504,"href":"https:\/\/alojamentodacerca.com\/en\/wp-json\/wp\/v2\/pages\/412\/revisions\/8504"}],"wp:attachment":[{"href":"https:\/\/alojamentodacerca.com\/en\/wp-json\/wp\/v2\/media?parent=412"}],"curies":[{"name":"wp","href":"https:\/\/api.w.org\/{rel}","templated":true}]}}