{"id":8264,"date":"2023-11-16T21:13:10","date_gmt":"2023-11-16T21:13:10","guid":{"rendered":"https:\/\/alojamentodacerca.com\/?post_type=product&#038;p=8264"},"modified":"2025-06-10T09:06:39","modified_gmt":"2025-06-10T09:06:39","slug":"bungalow-2","status":"publish","type":"product","link":"https:\/\/alojamentodacerca.com\/en\/product\/bungalow-2\/","title":{"rendered":"BUNGALOW"},"content":{"rendered":"<p>With stunning garden views, the Bungalow offers a unique stay with a beautiful porch, situated approximately 25 kilometres from S\u00e3o Bento Metro Station. This establishment offers access to a terrace, free private parking and complimentary Wi-Fi.<\/p>\n<p>This luxurious air-conditioned bungalow is equipped with a kitchenette, a spacious living area, a dining area and a modern TV. Quality towels and bed linen are provided.<\/p>\n<p>Guests at our bungalow can enjoy a delicious continental breakfast every morning.<\/p>\n<p>Outside the bungalow, guests can enjoy the hot tub and relax in our large gardens.<\/p>\n<p>S\u00e3o Bento Train Station is 25 km from the accommodation, while Porto Coliseum is a similar distance away. The nearest airport is Francisco S\u00e1 Carneiro Airport, just 11 km from Bungalow Casa da Cerca.<\/p>","protected":false},"excerpt":{"rendered":"<p>Com vistas deslumbrantes para o jardim, o Bungalow proporciona uma estadia \u00fanica, com um belo alpendre, situado a aproximadamente 25 km da Esta\u00e7\u00e3o de Metro de S\u00e3o Bento. Este estabelecimento oferece acesso a um terra\u00e7o, estacionamento privado gratuito e acesso Wi-Fi de cortesia. Esta luxuosa bungalow com ar condicionado est\u00e1 equipada com uma kitchenette, uma [&hellip;]<\/p>","protected":false},"featured_media":8133,"template":"","meta":{"_joinchat":[]},"product_cat":[44],"product_tag":[],"yoast_head":"<!-- This site is optimized with the Yoast SEO plugin v21.7 - https:\/\/yoast.com\/wordpress\/plugins\/seo\/ -->\n<title>BUNGALOW - alojamentodacerca.com<\/title>\n<meta name=\"robots\" content=\"index, follow, max-snippet:-1, max-image-preview:large, max-video-preview:-1\" \/>\n<link rel=\"canonical\" href=\"https:\/\/alojamentodacerca.com\/en\/product\/bungalow-2\/\" \/>\n<meta property=\"og:locale\" content=\"en_GB\" \/>\n<meta property=\"og:type\" content=\"article\" \/>\n<meta property=\"og:title\" content=\"BUNGALOW - alojamentodacerca.com\" \/>\n<meta property=\"og:description\" content=\"Com vistas deslumbrantes para o jardim, o Bungalow proporciona uma estadia \u00fanica, com um belo alpendre, situado a aproximadamente 25 km da Esta\u00e7\u00e3o de Metro de S\u00e3o Bento. Este estabelecimento oferece acesso a um terra\u00e7o, estacionamento privado gratuito e acesso Wi-Fi de cortesia. Esta luxuosa bungalow com ar condicionado est\u00e1 equipada com uma kitchenette, uma [&hellip;]\" \/>\n<meta property=\"og:url\" content=\"https:\/\/alojamentodacerca.com\/en\/product\/bungalow-2\/\" \/>\n<meta property=\"og:site_name\" content=\"alojamentodacerca.com\" \/>\n<meta property=\"article:publisher\" content=\"https:\/\/www.facebook.com\/profile.php?id=100073955641981\" \/>\n<meta property=\"article:modified_time\" content=\"2025-06-10T09:06:39+00:00\" \/>\n<meta property=\"og:image\" content=\"http:\/\/alojamentodacerca.com\/wp-content\/uploads\/2023\/11\/29a8951a-9a14-4c62-9e2c-7a0c83f0dbcc.jpg\" \/>\n\t<meta property=\"og:image:width\" content=\"1600\" \/>\n\t<meta property=\"og:image:height\" content=\"1066\" \/>\n\t<meta property=\"og:image:type\" content=\"image\/jpeg\" \/>\n<meta name=\"twitter:card\" content=\"summary_large_image\" \/>\n<meta name=\"twitter:label1\" content=\"Estimated reading time\" \/>\n\t<meta name=\"twitter:data1\" content=\"1 minute\" \/>\n<script type=\"application\/ld+json\" class=\"yoast-schema-graph\">{\"@context\":\"https:\/\/schema.org\",\"@graph\":[{\"@type\":\"WebPage\",\"@id\":\"https:\/\/alojamentodacerca.com\/produto\/bungalow-2\/\",\"url\":\"https:\/\/alojamentodacerca.com\/produto\/bungalow-2\/\",\"name\":\"BUNGALOW - alojamentodacerca.com\",\"isPartOf\":{\"@id\":\"https:\/\/alojamentodacerca.com\/#website\"},\"datePublished\":\"2023-11-16T21:13:10+00:00\",\"dateModified\":\"2025-06-10T09:06:39+00:00\",\"breadcrumb\":{\"@id\":\"https:\/\/alojamentodacerca.com\/produto\/bungalow-2\/#breadcrumb\"},\"inLanguage\":\"en-GB\",\"potentialAction\":[{\"@type\":\"ReadAction\",\"target\":[\"https:\/\/alojamentodacerca.com\/produto\/bungalow-2\/\"]}]},{\"@type\":\"BreadcrumbList\",\"@id\":\"https:\/\/alojamentodacerca.com\/produto\/bungalow-2\/#breadcrumb\",\"itemListElement\":[{\"@type\":\"ListItem\",\"position\":1,\"name\":\"In\u00edcio\",\"item\":\"https:\/\/alojamentodacerca.com\/\"},{\"@type\":\"ListItem\",\"position\":2,\"name\":\"Produtos\",\"item\":\"https:\/\/alojamentodacerca.com\/shop\/\"},{\"@type\":\"ListItem\",\"position\":3,\"name\":\"BUNGALOW\"}]},{\"@type\":\"WebSite\",\"@id\":\"https:\/\/alojamentodacerca.com\/#website\",\"url\":\"https:\/\/alojamentodacerca.com\/\",\"name\":\"alojamentodacerca.com\",\"description\":\"\",\"publisher\":{\"@id\":\"https:\/\/alojamentodacerca.com\/#organization\"},\"potentialAction\":[{\"@type\":\"SearchAction\",\"target\":{\"@type\":\"EntryPoint\",\"urlTemplate\":\"https:\/\/alojamentodacerca.com\/?s={search_term_string}\"},\"query-input\":\"required name=search_term_string\"}],\"inLanguage\":\"en-GB\"},{\"@type\":\"Organization\",\"@id\":\"https:\/\/alojamentodacerca.com\/#organization\",\"name\":\"alojamentodacerca.com\",\"url\":\"https:\/\/alojamentodacerca.com\/\",\"logo\":{\"@type\":\"ImageObject\",\"inLanguage\":\"en-GB\",\"@id\":\"https:\/\/alojamentodacerca.com\/#\/schema\/logo\/image\/\",\"url\":\"https:\/\/alojamentodacerca.com\/wp-content\/uploads\/2023\/12\/Group-1.jpeg\",\"contentUrl\":\"https:\/\/alojamentodacerca.com\/wp-content\/uploads\/2023\/12\/Group-1.jpeg\",\"width\":819,\"height\":819,\"caption\":\"alojamentodacerca.com\"},\"image\":{\"@id\":\"https:\/\/alojamentodacerca.com\/#\/schema\/logo\/image\/\"},\"sameAs\":[\"https:\/\/www.facebook.com\/profile.php?id=100073955641981\",\"https:\/\/www.instagram.com\/casa_da_cerca_\/\"]}]}<\/script>\n<!-- \/ Yoast SEO plugin. -->","yoast_head_json":{"title":"BUNGALOW - alojamentodacerca.com","robots":{"index":"index","follow":"follow","max-snippet":"max-snippet:-1","max-image-preview":"max-image-preview:large","max-video-preview":"max-video-preview:-1"},"canonical":"https:\/\/alojamentodacerca.com\/en\/product\/bungalow-2\/","og_locale":"en_GB","og_type":"article","og_title":"BUNGALOW - alojamentodacerca.com","og_description":"Com vistas deslumbrantes para o jardim, o Bungalow proporciona uma estadia \u00fanica, com um belo alpendre, situado a aproximadamente 25 km da Esta\u00e7\u00e3o de Metro de S\u00e3o Bento. Este estabelecimento oferece acesso a um terra\u00e7o, estacionamento privado gratuito e acesso Wi-Fi de cortesia. Esta luxuosa bungalow com ar condicionado est\u00e1 equipada com uma kitchenette, uma [&hellip;]","og_url":"https:\/\/alojamentodacerca.com\/en\/product\/bungalow-2\/","og_site_name":"alojamentodacerca.com","article_publisher":"https:\/\/www.facebook.com\/profile.php?id=100073955641981","article_modified_time":"2025-06-10T09:06:39+00:00","og_image":[{"width":1600,"height":1066,"url":"http:\/\/alojamentodacerca.com\/wp-content\/uploads\/2023\/11\/29a8951a-9a14-4c62-9e2c-7a0c83f0dbcc.jpg","type":"image\/jpeg"}],"twitter_card":"summary_large_image","twitter_misc":{"Estimated reading time":"1 minute"},"schema":{"@context":"https:\/\/schema.org","@graph":[{"@type":"WebPage","@id":"https:\/\/alojamentodacerca.com\/produto\/bungalow-2\/","url":"https:\/\/alojamentodacerca.com\/produto\/bungalow-2\/","name":"BUNGALOW - alojamentodacerca.com","isPartOf":{"@id":"https:\/\/alojamentodacerca.com\/#website"},"datePublished":"2023-11-16T21:13:10+00:00","dateModified":"2025-06-10T09:06:39+00:00","breadcrumb":{"@id":"https:\/\/alojamentodacerca.com\/produto\/bungalow-2\/#breadcrumb"},"inLanguage":"en-GB","potentialAction":[{"@type":"ReadAction","target":["https:\/\/alojamentodacerca.com\/produto\/bungalow-2\/"]}]},{"@type":"BreadcrumbList","@id":"https:\/\/alojamentodacerca.com\/produto\/bungalow-2\/#breadcrumb","itemListElement":[{"@type":"ListItem","position":1,"name":"In\u00edcio","item":"https:\/\/alojamentodacerca.com\/"},{"@type":"ListItem","position":2,"name":"Produtos","item":"https:\/\/alojamentodacerca.com\/shop\/"},{"@type":"ListItem","position":3,"name":"BUNGALOW"}]},{"@type":"WebSite","@id":"https:\/\/alojamentodacerca.com\/#website","url":"https:\/\/alojamentodacerca.com\/","name":"alojamentodacerca.com","description":"","publisher":{"@id":"https:\/\/alojamentodacerca.com\/#organization"},"potentialAction":[{"@type":"SearchAction","target":{"@type":"EntryPoint","urlTemplate":"https:\/\/alojamentodacerca.com\/?s={search_term_string}"},"query-input":"required name=search_term_string"}],"inLanguage":"en-GB"},{"@type":"Organization","@id":"https:\/\/alojamentodacerca.com\/#organization","name":"alojamentodacerca.com","url":"https:\/\/alojamentodacerca.com\/","logo":{"@type":"ImageObject","inLanguage":"en-GB","@id":"https:\/\/alojamentodacerca.com\/#\/schema\/logo\/image\/","url":"https:\/\/alojamentodacerca.com\/wp-content\/uploads\/2023\/12\/Group-1.jpeg","contentUrl":"https:\/\/alojamentodacerca.com\/wp-content\/uploads\/2023\/12\/Group-1.jpeg","width":819,"height":819,"caption":"alojamentodacerca.com"},"image":{"@id":"https:\/\/alojamentodacerca.com\/#\/schema\/logo\/image\/"},"sameAs":["https:\/\/www.facebook.com\/profile.php?id=100073955641981","https:\/\/www.instagram.com\/casa_da_cerca_\/"]}]}},"_links":{"self":[{"href":"https:\/\/alojamentodacerca.com\/en\/wp-json\/wp\/v2\/product\/8264"}],"collection":[{"href":"https:\/\/alojamentodacerca.com\/en\/wp-json\/wp\/v2\/product"}],"about":[{"href":"https:\/\/alojamentodacerca.com\/en\/wp-json\/wp\/v2\/types\/product"}],"wp:featuredmedia":[{"embeddable":true,"href":"https:\/\/alojamentodacerca.com\/en\/wp-json\/wp\/v2\/media\/8133"}],"wp:attachment":[{"href":"https:\/\/alojamentodacerca.com\/en\/wp-json\/wp\/v2\/media?parent=8264"}],"wp:term":[{"taxonomy":"product_cat","embeddable":true,"href":"https:\/\/alojamentodacerca.com\/en\/wp-json\/wp\/v2\/product_cat?post=8264"},{"taxonomy":"product_tag","embeddable":true,"href":"https:\/\/alojamentodacerca.com\/en\/wp-json\/wp\/v2\/product_tag?post=8264"}],"curies":[{"name":"wp","href":"https:\/\/api.w.org\/{rel}","templated":true}]}}