{"id":8279,"date":"2023-11-16T22:11:01","date_gmt":"2023-11-16T22:11:01","guid":{"rendered":"https:\/\/alojamentodacerca.com\/?post_type=product&#038;p=8279"},"modified":"2025-08-15T09:20:44","modified_gmt":"2025-08-15T09:20:44","slug":"casa-da-cerca-2","status":"publish","type":"product","link":"https:\/\/alojamentodacerca.com\/en\/product\/casa-da-cerca-2\/","title":{"rendered":"HOUSE CERCA"},"content":{"rendered":"<p>Casa da Cerca offers an exceptional experience, with a stunning setting that includes an exquisite garden and a seasonal outdoor pool overlooking the beautiful gardens. Casa da Cerca enjoys a strategic location, with Porto just 21 kilometres away and Braga 31 kilometres away. The nearest airport, Francisco S\u00e1 Carneiro Airport, is just 11 km from this exquisite property.<\/p>\n<p>offers its distinguished guests free Wi-Fi and private parking on site.<\/p>\n<p>This distinctive holiday home features 2 elegant bedrooms and 2 bathrooms, with high-quality bed linen and towels included. In addition, it is equipped with a sophisticated TV, a spacious dining area, a fully equipped kitchen and a charming patio overlooking the attractive swimming pool. Upon request, the property can provide additional towels and bed linen at an extra cost. In addition, the house has free Wi-Fi and private parking on site.<\/p>\n<p>The owners are fluent in Spanish, English and Portuguese and are available to guests at any time, guaranteeing personalised and efficient service.<\/p>\n<p>Guests have barbecue facilities and a relaxing terrace at their disposal in this holiday home that promises a memorable stay.<\/p>\n<p>Casa da Cerca enjoys a strategic location, with Porto just 21 kilometres away and Braga 31 kilometres away. The nearest airport, Francisco S\u00e1 Carneiro Airport, is just 11 km from this exquisite property.<\/p>","protected":false},"excerpt":{"rendered":"<p>A Casa da Cerca proporciona uma experi\u00eancia excepcional, com um ambiente deslumbrante que inclui um requintado jardim e uma piscina exterior sazonal com vista para os belos jardins. A Casa da Cerca beneficia de uma localiza\u00e7\u00e3o estrat\u00e9gica, com o Porto a apenas 21 km de dist\u00e2ncia e Braga a 31 km. O aeroporto mais pr\u00f3ximo, [&hellip;]<\/p>","protected":false},"featured_media":7654,"template":"","meta":{"_joinchat":[]},"product_cat":[44],"product_tag":[],"yoast_head":"<!-- This site is optimized with the Yoast SEO plugin v21.7 - https:\/\/yoast.com\/wordpress\/plugins\/seo\/ -->\n<title>CASA DA CERCA - alojamentodacerca.com<\/title>\n<meta name=\"robots\" content=\"index, follow, max-snippet:-1, max-image-preview:large, max-video-preview:-1\" \/>\n<link rel=\"canonical\" href=\"https:\/\/alojamentodacerca.com\/en\/product\/casa-da-cerca-2\/\" \/>\n<meta property=\"og:locale\" content=\"en_GB\" \/>\n<meta property=\"og:type\" content=\"article\" \/>\n<meta property=\"og:title\" content=\"CASA DA CERCA - alojamentodacerca.com\" \/>\n<meta property=\"og:description\" content=\"A Casa da Cerca proporciona uma experi\u00eancia excepcional, com um ambiente deslumbrante que inclui um requintado jardim e uma piscina exterior sazonal com vista para os belos jardins. A Casa da Cerca beneficia de uma localiza\u00e7\u00e3o estrat\u00e9gica, com o Porto a apenas 21 km de dist\u00e2ncia e Braga a 31 km. O aeroporto mais pr\u00f3ximo, [&hellip;]\" \/>\n<meta property=\"og:url\" content=\"https:\/\/alojamentodacerca.com\/en\/product\/casa-da-cerca-2\/\" \/>\n<meta property=\"og:site_name\" content=\"alojamentodacerca.com\" \/>\n<meta property=\"article:publisher\" content=\"https:\/\/www.facebook.com\/profile.php?id=100073955641981\" \/>\n<meta property=\"article:modified_time\" content=\"2025-08-15T09:20:44+00:00\" \/>\n<meta property=\"og:image\" content=\"http:\/\/alojamentodacerca.com\/wp-content\/uploads\/2023\/10\/295047313-4.jpeg\" \/>\n\t<meta property=\"og:image:width\" content=\"1280\" \/>\n\t<meta property=\"og:image:height\" content=\"853\" \/>\n\t<meta property=\"og:image:type\" content=\"image\/jpeg\" \/>\n<meta name=\"twitter:card\" content=\"summary_large_image\" \/>\n<meta name=\"twitter:label1\" content=\"Estimated reading time\" \/>\n\t<meta name=\"twitter:data1\" content=\"2 minutes\" \/>\n<script type=\"application\/ld+json\" class=\"yoast-schema-graph\">{\"@context\":\"https:\/\/schema.org\",\"@graph\":[{\"@type\":\"WebPage\",\"@id\":\"https:\/\/alojamentodacerca.com\/produto\/casa-da-cerca-2\/\",\"url\":\"https:\/\/alojamentodacerca.com\/produto\/casa-da-cerca-2\/\",\"name\":\"CASA DA CERCA - alojamentodacerca.com\",\"isPartOf\":{\"@id\":\"https:\/\/alojamentodacerca.com\/#website\"},\"datePublished\":\"2023-11-16T22:11:01+00:00\",\"dateModified\":\"2025-08-15T09:20:44+00:00\",\"breadcrumb\":{\"@id\":\"https:\/\/alojamentodacerca.com\/produto\/casa-da-cerca-2\/#breadcrumb\"},\"inLanguage\":\"en-GB\",\"potentialAction\":[{\"@type\":\"ReadAction\",\"target\":[\"https:\/\/alojamentodacerca.com\/produto\/casa-da-cerca-2\/\"]}]},{\"@type\":\"BreadcrumbList\",\"@id\":\"https:\/\/alojamentodacerca.com\/produto\/casa-da-cerca-2\/#breadcrumb\",\"itemListElement\":[{\"@type\":\"ListItem\",\"position\":1,\"name\":\"In\u00edcio\",\"item\":\"https:\/\/alojamentodacerca.com\/\"},{\"@type\":\"ListItem\",\"position\":2,\"name\":\"Produtos\",\"item\":\"https:\/\/alojamentodacerca.com\/shop\/\"},{\"@type\":\"ListItem\",\"position\":3,\"name\":\"CASA DA CERCA\"}]},{\"@type\":\"WebSite\",\"@id\":\"https:\/\/alojamentodacerca.com\/#website\",\"url\":\"https:\/\/alojamentodacerca.com\/\",\"name\":\"alojamentodacerca.com\",\"description\":\"\",\"publisher\":{\"@id\":\"https:\/\/alojamentodacerca.com\/#organization\"},\"potentialAction\":[{\"@type\":\"SearchAction\",\"target\":{\"@type\":\"EntryPoint\",\"urlTemplate\":\"https:\/\/alojamentodacerca.com\/?s={search_term_string}\"},\"query-input\":\"required name=search_term_string\"}],\"inLanguage\":\"en-GB\"},{\"@type\":\"Organization\",\"@id\":\"https:\/\/alojamentodacerca.com\/#organization\",\"name\":\"alojamentodacerca.com\",\"url\":\"https:\/\/alojamentodacerca.com\/\",\"logo\":{\"@type\":\"ImageObject\",\"inLanguage\":\"en-GB\",\"@id\":\"https:\/\/alojamentodacerca.com\/#\/schema\/logo\/image\/\",\"url\":\"https:\/\/alojamentodacerca.com\/wp-content\/uploads\/2023\/12\/Group-1.jpeg\",\"contentUrl\":\"https:\/\/alojamentodacerca.com\/wp-content\/uploads\/2023\/12\/Group-1.jpeg\",\"width\":819,\"height\":819,\"caption\":\"alojamentodacerca.com\"},\"image\":{\"@id\":\"https:\/\/alojamentodacerca.com\/#\/schema\/logo\/image\/\"},\"sameAs\":[\"https:\/\/www.facebook.com\/profile.php?id=100073955641981\",\"https:\/\/www.instagram.com\/casa_da_cerca_\/\"]}]}<\/script>\n<!-- \/ Yoast SEO plugin. -->","yoast_head_json":{"title":"CASA DA CERCA - alojamentodacerca.com","robots":{"index":"index","follow":"follow","max-snippet":"max-snippet:-1","max-image-preview":"max-image-preview:large","max-video-preview":"max-video-preview:-1"},"canonical":"https:\/\/alojamentodacerca.com\/en\/product\/casa-da-cerca-2\/","og_locale":"en_GB","og_type":"article","og_title":"CASA DA CERCA - alojamentodacerca.com","og_description":"A Casa da Cerca proporciona uma experi\u00eancia excepcional, com um ambiente deslumbrante que inclui um requintado jardim e uma piscina exterior sazonal com vista para os belos jardins. A Casa da Cerca beneficia de uma localiza\u00e7\u00e3o estrat\u00e9gica, com o Porto a apenas 21 km de dist\u00e2ncia e Braga a 31 km. O aeroporto mais pr\u00f3ximo, [&hellip;]","og_url":"https:\/\/alojamentodacerca.com\/en\/product\/casa-da-cerca-2\/","og_site_name":"alojamentodacerca.com","article_publisher":"https:\/\/www.facebook.com\/profile.php?id=100073955641981","article_modified_time":"2025-08-15T09:20:44+00:00","og_image":[{"width":1280,"height":853,"url":"http:\/\/alojamentodacerca.com\/wp-content\/uploads\/2023\/10\/295047313-4.jpeg","type":"image\/jpeg"}],"twitter_card":"summary_large_image","twitter_misc":{"Estimated reading time":"2 minutes"},"schema":{"@context":"https:\/\/schema.org","@graph":[{"@type":"WebPage","@id":"https:\/\/alojamentodacerca.com\/produto\/casa-da-cerca-2\/","url":"https:\/\/alojamentodacerca.com\/produto\/casa-da-cerca-2\/","name":"CASA DA CERCA - alojamentodacerca.com","isPartOf":{"@id":"https:\/\/alojamentodacerca.com\/#website"},"datePublished":"2023-11-16T22:11:01+00:00","dateModified":"2025-08-15T09:20:44+00:00","breadcrumb":{"@id":"https:\/\/alojamentodacerca.com\/produto\/casa-da-cerca-2\/#breadcrumb"},"inLanguage":"en-GB","potentialAction":[{"@type":"ReadAction","target":["https:\/\/alojamentodacerca.com\/produto\/casa-da-cerca-2\/"]}]},{"@type":"BreadcrumbList","@id":"https:\/\/alojamentodacerca.com\/produto\/casa-da-cerca-2\/#breadcrumb","itemListElement":[{"@type":"ListItem","position":1,"name":"In\u00edcio","item":"https:\/\/alojamentodacerca.com\/"},{"@type":"ListItem","position":2,"name":"Produtos","item":"https:\/\/alojamentodacerca.com\/shop\/"},{"@type":"ListItem","position":3,"name":"CASA DA CERCA"}]},{"@type":"WebSite","@id":"https:\/\/alojamentodacerca.com\/#website","url":"https:\/\/alojamentodacerca.com\/","name":"alojamentodacerca.com","description":"","publisher":{"@id":"https:\/\/alojamentodacerca.com\/#organization"},"potentialAction":[{"@type":"SearchAction","target":{"@type":"EntryPoint","urlTemplate":"https:\/\/alojamentodacerca.com\/?s={search_term_string}"},"query-input":"required name=search_term_string"}],"inLanguage":"en-GB"},{"@type":"Organization","@id":"https:\/\/alojamentodacerca.com\/#organization","name":"alojamentodacerca.com","url":"https:\/\/alojamentodacerca.com\/","logo":{"@type":"ImageObject","inLanguage":"en-GB","@id":"https:\/\/alojamentodacerca.com\/#\/schema\/logo\/image\/","url":"https:\/\/alojamentodacerca.com\/wp-content\/uploads\/2023\/12\/Group-1.jpeg","contentUrl":"https:\/\/alojamentodacerca.com\/wp-content\/uploads\/2023\/12\/Group-1.jpeg","width":819,"height":819,"caption":"alojamentodacerca.com"},"image":{"@id":"https:\/\/alojamentodacerca.com\/#\/schema\/logo\/image\/"},"sameAs":["https:\/\/www.facebook.com\/profile.php?id=100073955641981","https:\/\/www.instagram.com\/casa_da_cerca_\/"]}]}},"_links":{"self":[{"href":"https:\/\/alojamentodacerca.com\/en\/wp-json\/wp\/v2\/product\/8279"}],"collection":[{"href":"https:\/\/alojamentodacerca.com\/en\/wp-json\/wp\/v2\/product"}],"about":[{"href":"https:\/\/alojamentodacerca.com\/en\/wp-json\/wp\/v2\/types\/product"}],"wp:featuredmedia":[{"embeddable":true,"href":"https:\/\/alojamentodacerca.com\/en\/wp-json\/wp\/v2\/media\/7654"}],"wp:attachment":[{"href":"https:\/\/alojamentodacerca.com\/en\/wp-json\/wp\/v2\/media?parent=8279"}],"wp:term":[{"taxonomy":"product_cat","embeddable":true,"href":"https:\/\/alojamentodacerca.com\/en\/wp-json\/wp\/v2\/product_cat?post=8279"},{"taxonomy":"product_tag","embeddable":true,"href":"https:\/\/alojamentodacerca.com\/en\/wp-json\/wp\/v2\/product_tag?post=8279"}],"curies":[{"name":"wp","href":"https:\/\/api.w.org\/{rel}","templated":true}]}}